{"id":143,"date":"2021-05-20T13:46:44","date_gmt":"2021-05-20T11:46:44","guid":{"rendered":"http:\/\/lnfk.ftmc.lt\/?page_id=143"},"modified":"2021-05-20T13:46:44","modified_gmt":"2021-05-20T11:46:44","slug":"kontaktai","status":"publish","type":"page","link":"http:\/\/lnfk.ftmc.lt\/?page_id=143","title":{"rendered":"Kontaktai"},"content":{"rendered":"\n<p>Jei turite klausim\u0173 ar pasi\u016blym\u0173, pra\u0161ome ra\u0161yti el. pa\u0161tu <a href=\"mailto:lnfk@ftmc.lt\">lnfk@ftmc.lt<\/a>.<\/p>\n","protected":false},"excerpt":{"rendered":"<div class=\"entry-summary\">\nJei turite klausim\u0173 ar pasi\u016blym\u0173, pra\u0161ome ra\u0161yti el. pa\u0161tu lnfk@ftmc.lt.\n<\/div>\n<div class=\"link-more\"><a href=\"http:\/\/lnfk.ftmc.lt\/?page_id=143\" class=\"more-link\">Continue reading<span class=\"screen-reader-text\"> &ldquo;Kontaktai&rdquo;<\/span>&hellip;<\/a><\/div>\n","protected":false},"author":1,"featured_media":0,"parent":0,"menu_order":0,"comment_status":"closed","ping_status":"closed","template":"","meta":{"inline_featured_image":false,"advgb_blocks_editor_width":"","advgb_blocks_columns_visual_guide":"","footnotes":""},"class_list":["post-143","page","type-page","status-publish","hentry","entry"],"coauthors":[],"author_meta":{"author_link":"http:\/\/lnfk.ftmc.lt\/?author=1","display_name":"Adomijus"},"relative_dates":{"created":"Posted 5 metai ago","modified":"Updated 5 metai ago"},"absolute_dates":{"created":"Posted on 2021-05-20","modified":"Updated on 2021-05-20"},"absolute_dates_time":{"created":"Posted on 2021-05-20 13:46","modified":"Updated on 2021-05-20 13:46"},"featured_img_caption":"","featured_img":false,"series_order":"","_links":{"self":[{"href":"http:\/\/lnfk.ftmc.lt\/index.php?rest_route=\/wp\/v2\/pages\/143","targetHints":{"allow":["GET"]}}],"collection":[{"href":"http:\/\/lnfk.ftmc.lt\/index.php?rest_route=\/wp\/v2\/pages"}],"about":[{"href":"http:\/\/lnfk.ftmc.lt\/index.php?rest_route=\/wp\/v2\/types\/page"}],"author":[{"embeddable":true,"href":"http:\/\/lnfk.ftmc.lt\/index.php?rest_route=\/wp\/v2\/users\/1"}],"replies":[{"embeddable":true,"href":"http:\/\/lnfk.ftmc.lt\/index.php?rest_route=%2Fwp%2Fv2%2Fcomments&post=143"}],"version-history":[{"count":1,"href":"http:\/\/lnfk.ftmc.lt\/index.php?rest_route=\/wp\/v2\/pages\/143\/revisions"}],"predecessor-version":[{"id":147,"href":"http:\/\/lnfk.ftmc.lt\/index.php?rest_route=\/wp\/v2\/pages\/143\/revisions\/147"}],"wp:attachment":[{"href":"http:\/\/lnfk.ftmc.lt\/index.php?rest_route=%2Fwp%2Fv2%2Fmedia&parent=143"}],"curies":[{"name":"wp","href":"https:\/\/api.w.org\/{rel}","templated":true}]}}