{"id":354,"date":"2021-09-06T10:01:11","date_gmt":"2021-09-06T08:01:11","guid":{"rendered":"http:\/\/lnfk.ftmc.lt\/?page_id=354"},"modified":"2021-10-07T17:13:14","modified_gmt":"2021-10-07T15:13:14","slug":"prizai-jauniesiems-mokslininkams","status":"publish","type":"page","link":"http:\/\/lnfk.ftmc.lt\/?page_id=354","title":{"rendered":"Prizai jauniesiems mokslininkams"},"content":{"rendered":"\n<p>Geriausiai \u012fvertint\u0173 jaun\u0173j\u0173 mokslink\u0173 pristatymai bus apdovanoti. Pretendentai tur\u0117jo pristatyti 3 min. apibendrinim\u0105.\n\nPretendent\u0173 registracija baigta.<\/p>\n","protected":false},"excerpt":{"rendered":"<div class=\"entry-summary\">\nGeriausiai \u012fvertint\u0173 jaun\u0173j\u0173 mokslink\u0173 pristatymai bus apdovanoti. Pretendentai tur\u0117jo pristatyti 3 min. apibendrinim\u0105. Pretendent\u0173 registracija baigta.\n<\/div>\n<div class=\"link-more\"><a href=\"http:\/\/lnfk.ftmc.lt\/?page_id=354\" class=\"more-link\">Continue reading<span class=\"screen-reader-text\"> &ldquo;Prizai jauniesiems mokslininkams&rdquo;<\/span>&hellip;<\/a><\/div>\n","protected":false},"author":3,"featured_media":0,"parent":0,"menu_order":0,"comment_status":"closed","ping_status":"closed","template":"","meta":{"inline_featured_image":false,"advgb_blocks_editor_width":"","advgb_blocks_columns_visual_guide":"","footnotes":""},"class_list":["post-354","page","type-page","status-publish","hentry","entry"],"coauthors":[],"author_meta":{"author_link":"http:\/\/lnfk.ftmc.lt\/?author=3","display_name":"domas"},"relative_dates":{"created":"Posted 5 metai ago","modified":"Updated 5 metai ago"},"absolute_dates":{"created":"Posted on 2021-09-06","modified":"Updated on 2021-10-07"},"absolute_dates_time":{"created":"Posted on 2021-09-06 10:01","modified":"Updated on 2021-10-07 17:13"},"featured_img_caption":"","featured_img":false,"series_order":"","_links":{"self":[{"href":"http:\/\/lnfk.ftmc.lt\/index.php?rest_route=\/wp\/v2\/pages\/354","targetHints":{"allow":["GET"]}}],"collection":[{"href":"http:\/\/lnfk.ftmc.lt\/index.php?rest_route=\/wp\/v2\/pages"}],"about":[{"href":"http:\/\/lnfk.ftmc.lt\/index.php?rest_route=\/wp\/v2\/types\/page"}],"author":[{"embeddable":true,"href":"http:\/\/lnfk.ftmc.lt\/index.php?rest_route=\/wp\/v2\/users\/3"}],"replies":[{"embeddable":true,"href":"http:\/\/lnfk.ftmc.lt\/index.php?rest_route=%2Fwp%2Fv2%2Fcomments&post=354"}],"version-history":[{"count":3,"href":"http:\/\/lnfk.ftmc.lt\/index.php?rest_route=\/wp\/v2\/pages\/354\/revisions"}],"predecessor-version":[{"id":1465,"href":"http:\/\/lnfk.ftmc.lt\/index.php?rest_route=\/wp\/v2\/pages\/354\/revisions\/1465"}],"wp:attachment":[{"href":"http:\/\/lnfk.ftmc.lt\/index.php?rest_route=%2Fwp%2Fv2%2Fmedia&parent=354"}],"curies":[{"name":"wp","href":"https:\/\/api.w.org\/{rel}","templated":true}]}}