{"id":37,"date":"2021-05-14T16:11:40","date_gmt":"2021-05-14T14:11:40","guid":{"rendered":"http:\/\/lnfk.ftmc.lt\/?page_id=37"},"modified":"2021-11-10T16:44:46","modified_gmt":"2021-11-10T14:44:46","slug":"informacija-dalyviams","status":"publish","type":"page","link":"http:\/\/lnfk.ftmc.lt\/?page_id=37","title":{"rendered":"Informacija dalyviams"},"content":{"rendered":"\n<h3 class=\"wp-block-heading\">Prane\u0161im\u0173 med\u017eiaga<\/h3>\n\n\n\n<p>Tezi\u0173 knyga i\u0161leista elektroniniu formatu (44-oji Lietuvos nacionalin\u0117 fizikos konferencija : prane\u0161im\u0173 med\u017eiaga, 2021 m. spalio 6\u20138 d., Vilnius, ISBN 978-609-95511-8-0).<\/p>\n\n\n\n<div class=\"wp-block-columns is-layout-flex wp-container-core-columns-is-layout-28f84493 wp-block-columns-is-layout-flex\">\n<div class=\"wp-block-column is-layout-flow wp-block-column-is-layout-flow\">\n<div class=\"wp-block-columns is-layout-flex wp-container-core-columns-is-layout-28f84493 wp-block-columns-is-layout-flex\">\n<div class=\"wp-block-column is-layout-flow wp-block-column-is-layout-flow\">\n<figure class=\"wp-block-image size-full\"><a href=\"http:\/\/lnfk.ftmc.lt\/wp-content\/uploads\/2021\/11\/LNFK-44-pranesimu-medziaga-2021-spalio-6-8-Vilnius.pdf\" target=\"_blank\" rel=\"noopener\"><img loading=\"lazy\" decoding=\"async\" width=\"707\" height=\"1000\" src=\"http:\/\/lnfk.ftmc.lt\/wp-content\/uploads\/2021\/11\/LNFK44_leidinio_virselis.jpg\" alt=\"\" class=\"wp-image-1498\"\/><\/a><\/figure>\n\n\n\n<div class=\"wp-block-advgb-button aligncenter\"><a class=\"wp-block-advgb-button_link advgbbtn-ebbc5e5a-9a62-4f9d-bfef-bd7306550e07\" href=\"http:\/\/lnfk.ftmc.lt\/wp-content\/uploads\/2021\/11\/LNFK-44-pranesimu-medziaga-2021-spalio-6-8-Vilnius.pdf\" target=\"_blank\" rel=\"noopener noreferrer\"><strong>Atsisi\u0173sti<\/strong><br\/>(40,3 MB)<\/a><\/div>\n<\/div>\n\n\n\n<div class=\"wp-block-column is-layout-flow wp-block-column-is-layout-flow\">\n<figure class=\"wp-block-image size-full\"><a href=\"http:\/\/lnfk.ftmc.lt\/wp-content\/uploads\/2021\/10\/LNFK44-Lietuvos-fizikes-2021-leidinys-web.pdf\" target=\"_blank\" rel=\"noopener\"><img loading=\"lazy\" decoding=\"async\" width=\"707\" height=\"1000\" src=\"http:\/\/lnfk.ftmc.lt\/wp-content\/uploads\/2021\/11\/Lietuvos_fizikes_2021_virselis.jpg\" alt=\"\" class=\"wp-image-1499\"\/><\/a><\/figure>\n\n\n\n<div class=\"wp-block-advgb-button aligncenter\"><a class=\"wp-block-advgb-button_link advgbbtn-cd286287-2ae4-4a05-9648-f7f056d9501a\" href=\"http:\/\/lnfk.ftmc.lt\/wp-content\/uploads\/2021\/10\/LNFK44-Lietuvos-fizikes-2021-leidinys-web.pdf\" target=\"_blank\" rel=\"noopener noreferrer\"><strong>Atsisi\u0173sti<\/strong><br\/>(5,85 MB)<\/a><\/div>\n<\/div>\n<\/div>\n<\/div>\n\n\n\n<div class=\"wp-block-column is-layout-flow wp-block-column-is-layout-flow\">\n<div class=\"wp-block-columns is-layout-flex wp-container-core-columns-is-layout-28f84493 wp-block-columns-is-layout-flex\">\n<div class=\"wp-block-column is-layout-flow wp-block-column-is-layout-flow\"><\/div>\n\n\n\n<div class=\"wp-block-column is-layout-flow wp-block-column-is-layout-flow\"><\/div>\n<\/div>\n<\/div>\n<\/div>\n\n\n\n<h3 class=\"wp-block-heading\" id=\"registracija-ir-tezes-d72d92b5-91d2-4cae-b22b-a853b24c1712\">Registracija, tez\u0117s ir kitos svarbios datos<\/h3>\n\n\n\n<p><a rel=\"noreferrer noopener\" href=\"http:\/\/lnfk.ftmc.lt\/?page_id=44\" target=\"_blank\">Registracija<\/a> ir tezi\u0173 siuntimas &#8211; iki <strong>2021 m. rugs\u0117jo 7 d.<\/strong> Priimamos DOCX formato tez\u0117s (galite papildomai pateikti ir PDF fail\u0105), reikalavimai nurodyti <a href=\"http:\/\/lnfk.ftmc.lt\/wp-content\/uploads\/2021\/06\/sablonas_LNFK-44-2.docx\">tezi\u0173<\/a> \u0161ablone. <\/p>\n\n\n\n<p>Konferencijos <strong><a href=\"http:\/\/lnfk.ftmc.lt\/?page_id=645\">programa<\/a><\/strong> bus paskelbta 2021 m. rugs\u0117jo 27 d.<\/p>\n\n\n\n<h3 class=\"wp-block-heading\">Registracijos mokestis<\/h3>\n\n\n\n<ul class=\"wp-block-list\"><li>Standartinis:&nbsp;<strong>50 Eur<\/strong><\/li><li>Doktorantams:&nbsp;<strong>20 Eur<\/strong><\/li><li>Dalyvio mokestis netaikomas bakalauro, magistro studentams ir mokytojams<\/li><\/ul>\n\n\n\n<p><strong>Mokestis mokamas bankiniu pavedimu<\/strong><br>Gav\u0117jas: Lietuvos fizik\u0173 draugija<br>Registracijos adresas: Saul\u0117tekio al. 3, LT-10257, Vilnius<br>Juridinio asmens kodas 190652327<br>Banko s\u0105skaitos Nr. LT45 7044 0600 0126 0288<br>Banko pavadinimas: AB SEB bankas<br>Banko adresas: Gedimino pr. 12, LT-01103<br>Banko kodas: SWIFTCBVILT2X<br><span style=\"text-decoration: underline;\">Mok\u0117jimo paskirtyje<\/span> pra\u0161ome nurodyti LNFK44 ir asmens, u\u017e kur\u012f mokamas registracijos mokestis, vard\u0105 ir pavard\u0119 (jeigu mokama ne u\u017e save). Pavyzdys: \u201eLNFK44 Vardenis Pavardenis\u201c.<\/p>\n\n\n\n<h3 class=\"wp-block-heading\" id=\"zodiniai-pranesimai-b32ea5b1-0c62-4517-9ac7-1a472d9336fa\">\u017dodiniai prane\u0161imai<\/h3>\n\n\n\n<p>Prane\u0161im\u0173 (i\u0161skyrus kviestinius) trukm\u0117 netur\u0117t\u0173 vir\u0161yti&nbsp;15 min., klausimams ir diskusijai gali b\u016bti skiriamos papildomos 5&nbsp;min. Sesijos ved\u0117jas nutrauks prane\u0161im\u0105, jeigu jis&nbsp;vir\u0161ys 20 min.<\/p>\n\n\n\n<p>Dalyviai turi \u012fsikelti savo prane\u0161imo skaidres \u012f konferencijos sal\u0117je esant\u012f kompiuter\u012f prie\u0161&nbsp;savo sesijos laik\u0105, pertrauk\u0173 metu. Rekomenduojame \u012fk\u0117lus i\u0161bandyti pristatym\u0105, ypa\u010d jei jame yra naudojamos animacijos. Kompiuteriu bus galima rodyti&nbsp;PPT, PPTX&nbsp;ir&nbsp;PDF formato skaidres. Jei pristatymui norite naudoti savo kompiuter\u012f, informuokite apie tai organizatorius bei pasir\u016bpinkite, kad b\u016bt\u0173 galima prie jo prijungti projektori\u0173 naudojant VGA jungt\u012f.&nbsp;Konferencijos sal\u0117je visuomet bus organizatoriai, kurie pad\u0117s \u0161iais techniniais klausimais.<\/p>\n\n\n\n<p>Skaidri\u0173 ir prane\u0161imo kalba \u2013 lietuvi\u0173 arba angl\u0173.<\/p>\n\n\n\n<p><span style=\"text-decoration: underline;\">Nuotoliniai<\/span> \u017eodiniai prane\u0161imai galimi prane\u0161\u0117jui susirgus ar d\u0117l kit\u0173 objektyvi\u0173 prie\u017eas\u010di\u0173 negalint dalyvauti gyvai.<\/p>\n\n\n\n<h3 class=\"wp-block-heading\" id=\"stendiniai-pranesimai-52c705b7-e634-42a4-a6a6-0c12addb2fe4\">Stendiniai prane\u0161imai<\/h3>\n\n\n\n<p>Dalyvio plakatas negali&nbsp;vir\u0161yti 1,5 m auk\u0161\u010dio ir 1 m plo\u010dio. Rekomenduojame spausdinti pla\u010diaformat\u0117s spaudos (A1 ar&nbsp;A0) plakatus.<\/p>\n\n\n\n<p>Jei prane\u0161imas yra pirmojoje dienos stendin\u0117je sesijoje, plakatus galite pakabinti prie\u0161 prasidedant konferencijos programai ryte arba kavos pertrauk\u0117li\u0173 metu. Stendiniai prane\u0161imai privalo b\u016bti nukabinti i\u0161kart pasibaigus stendinei sesijai.&nbsp;Organizatoriai pasir\u016bpins priemon\u0117mis, reikalingomis pakabinti plakatus.<\/p>\n\n\n\n<p>Stendinio&nbsp;prane\u0161imo kalba \u2013 lietuvi\u0173 arba angl\u0173.<\/p>\n\n\n\n<p><span style=\"text-decoration: underline;\">Nuotoliniai<\/span> stendiniai prane\u0161imai bus pristatomi PDF formatu (gali b\u016bti skelbiami vie\u0161ai) ir diskusijoje Zoom platformoje. Diskusijos laikas bus nurodytas programoje. Instrukcijos bus atsi\u0173stos registracijos metu nurodytu el. pa\u0161tu.<\/p>\n\n\n\n<h3 class=\"wp-block-heading\">Prane\u0161im\u0173 transliacija<\/h3>\n\n\n\n<p>Sal\u0117se A101 ir D401 vyksiantys prane\u0161imai bus transliuojami <em>Youtube<\/em> kanale. Dien\u0105 prie\u0161 rengin\u012f prisijungimo nuorod\u0105 gaus visi u\u017esiregistrav\u0119 dalyviai (nuoroda nebus skelbiama vie\u0161ai). Bus galimyb\u0117 u\u017eduoti klausimus prane\u0161\u0117jams.<\/p>\n\n\n\n<h3 class=\"wp-block-heading\">Kvalifikacijos k\u0117limo pa\u017eym\u0117jimai mokytojams<\/h3>\n\n\n\n<p>Konferencijoje u\u017esiregistravusiems ir dalyvavusiems mokytojams Vilniaus universiteto Ugdymo mokslo institutas i\u0161duos kvalifikacijos k\u0117limo pa\u017eym\u0117jimus dalyvaujant renginyje.<\/p>\n\n\n\n<h3 class=\"wp-block-heading\" id=\"automobiliu-parkavimas-381ea6ec-b038-462c-86bf-36bc419d5fe5\">Automobili\u0173 parkavimas<\/h3>\n\n\n\n<p>Prie konferencijos pastato (NFTMC) yra trij\u0173 auk\u0161t\u0173 automobili\u0173 stov\u0117jimo pastatas (atva\u017eiuojant nuo Saul\u0117tekio al.), kuriame konferencijos dalyviai gali parkuoti automobilius.<\/p>\n\n\n\n<h3 class=\"wp-block-heading\" id=\"viesasis-transportas-0d1540ed-65cc-4813-af3e-e6aacc5e1429\">Vie\u0161asis transportas<\/h3>\n\n\n\n<p>Artimiausia vie\u0161ojo tansporto stotel\u0117 &#8211; \u201eSaul\u0117tekis&#8221;. <\/p>\n\n\n\n<div class=\"wp-block-columns is-layout-flex wp-container-core-columns-is-layout-28f84493 wp-block-columns-is-layout-flex\">\n<div class=\"wp-block-column is-layout-flow wp-block-column-is-layout-flow\">\n<p>Greitieji autobusai:<\/p>\n\n\n\n<p>4G (Pilait\u0117 &#8211; Konstitucijos pr. &#8211; Saul\u0117tekis),<br>5G (Pa\u0161ilai\u010diai &#8211; Ozo g. &#8211; Saul\u0117tekis). <\/p>\n<\/div>\n\n\n\n<div class=\"wp-block-column is-layout-flow wp-block-column-is-layout-flow\">\n<p>Troleibusai: <\/p>\n\n\n\n<p>2 (Stotis &#8211; \u017dygimant\u0173 g. &#8211; Saul\u0117tekis), <br>10 (Naujininkai &#8211; Kalvarij\u0173 g. &#8211; Saul\u0117tekis), <br>19 (Pa\u0161ilai\u010diai &#8211; Konstitucijos pr. &#8211; Antakalnis &#8211; Saul\u0117tekis).<\/p>\n<\/div>\n<\/div>\n\n\n\n<p>Vilniaus mieste galioja elektroninio bilieto sistema. \u012elipus \u012f transport\u0105 biliet\u0105 reikia aktyvuoti. <a rel=\"noreferrer noopener\" href=\"http:\/\/www.vilniusticket.lt\/lt\/Bilietu_rusys\/\" target=\"_blank\">Vie\u0161ojo transporto biliet\u0173 r\u016b\u0161ys ir kainos<\/a>.<\/p>\n\n\n\n<p>Vilnie\u010dio kortel\u0119 galite nusipirkti ir papildyti visose prekybos vietose, pa\u017eym\u0117tose Vilnie\u010dio kortel\u0117s \u017eenklu (pvz., spaudos kioskuose, \u201eNarvesen\u201c prekybos vietose, Lietuvos pa\u0161to skyriuose). Naujuose Lietuvos studento pa\u017eym\u0117jimuose (LSP) \u201eVilnie\u010dio kortel\u0117\u201c jau yra integruota. Daugiau informacijos: <a rel=\"noreferrer noopener\" href=\"https:\/\/www.govilnius.lt\/suplanuokite-kelione\/transportas\/viesasis-transportas\" target=\"_blank\">www.govilnius.lt<\/a>,&nbsp;<a rel=\"noreferrer noopener\" href=\"http:\/\/www.vilniusticket.lt\/\" target=\"_blank\">www.vilniusticket.lt<\/a>.<\/p>\n\n\n\n<p>Elektroninius bilietus taip pat galite \u012fsigyti i\u0161maniajame telefone naudojant program\u0117l\u0119&nbsp;<em>Trafi<\/em>. Atsisi\u0173sti program\u0117l\u0119:&nbsp;<a rel=\"noreferrer noopener\" href=\"https:\/\/apps.apple.com\/app\/apple-store\/id791973944?_branch_match_id=661553981302733548\" target=\"_blank\">App Store<\/a>,&nbsp;<a rel=\"noreferrer noopener\" href=\"https:\/\/play.google.com\/store\/apps\/details?id=com.trafi.android.tr&amp;_branch_match_id=661553981302733548\" target=\"_blank\">Google Play<\/a>.<\/p>\n\n\n\n<h3 class=\"wp-block-heading\" id=\"bevielis-internetas-859f4ce6-e245-436e-8e8c-0c9f37da9ec4\">Bevielis internetas<\/h3>\n\n\n\n<p>NFTMC pastate veiks konferencijos dalyviams skirtas bevielis internetas. Akademinis \u201e<a href=\"https:\/\/eduroam.org\/\" data-type=\"URL\" data-id=\"https:\/\/eduroam.org\/\">Eduroam<\/a>\u201c bevielis tinklas taip pat bus prieinamas.<\/p>\n\n\n\n<h3 class=\"wp-block-heading\">Covid-19 prevencija<\/h3>\n\n\n\n<p><strong>Atkreipiame d\u0117mes\u012f<\/strong>, kad konferencijoje gal\u0117s dalyvauti tik u\u017esiregistrav\u0119 dalyviai.&nbsp;Renginys vyks LR Vyriausyb\u0117s nustatyta tvarka laikantis tuo metu galiosian\u010di\u0173 saugumo reikalavim\u0173. Renginio dien\u0105 pra\u0161ome tur\u0117ti galiojant\u012f Galimybi\u0173 pas\u0105 (<a rel=\"noreferrer noopener\" href=\"https:\/\/gpasas.lt\/\" target=\"_blank\">gpasas.lt<\/a>) arba kit\u0105 jam prilygstant\u012f dokument\u0105.&nbsp;Nuo spalio 1 d. privaloma d\u0117v\u0117ti apsaugines veido kaukes u\u017edarose erdv\u0117se nepriklausomai nuo to, ar veiklos vykdomos su Galimybi\u0173 pasu ar be jo. Konferencij\u0173 sal\u0117je A101 galima u\u017eimti tik kas antr\u0105 s\u0117dim\u0105 viet\u0105.<\/p>\n\n\n\n<p>Dalyviai, kurie u\u017esiregistravo dalyvauti virtualiai, prie\u0161 rengin\u012f gaus prisijungimo nuorod\u0105 ir vis\u0105 konferencij\u0105 gal\u0117s steb\u0117ti nuotoliniu b\u016bdu.<\/p>\n\n\n\n<p>Pasijutus blogai pra\u0161ome nevykti \u012f konferencij\u0105 ir dalyvauti nuotoliniu b\u016bdu, apie tai informuojant Organizacin\u012f komitet\u0105 el. pa\u0161tu <a href=\"mailto:lnfk@ftmc.lt\">lnfk@ftmc.lt<\/a>.<\/p>\n<style class=\"advgb-styles-renderer\">.advgbbtn-ebbc5e5a-9a62-4f9d-bfef-bd7306550e07{font-size:14px;color:#fff !important;background-color:#2196f3 !important;margin:0px 0px 0px 0px !important;padding:10px 30px 10px 30px;border-width:1px !important;border-style:none;border-radius:50px !important;}.advgbbtn-ebbc5e5a-9a62-4f9d-bfef-bd7306550e07:hover{box-shadow:1px 1px 12px 0px #ccc;opacity:1;transition:all 0.2s ease;}.advgbbtn-ebbc5e5a-9a62-4f9d-bfef-bd7306550e07 > i {display: none !important;}.advgbbtn-ebbc5e5a-9a62-4f9d-bfef-bd7306550e07{font-size:14px;color:#fff !important;background-color:#2196f3 !important;margin:0px 0px 0px 0px !important;padding:10px 30px 10px 30px;border-width:1px !important;border-style:none;border-radius:50px !important;}.advgbbtn-ebbc5e5a-9a62-4f9d-bfef-bd7306550e07:hover{box-shadow:1px 1px 12px 0px #ccc;opacity:1;transition:all 0.2s ease;}.advgbbtn-ebbc5e5a-9a62-4f9d-bfef-bd7306550e07 > i {display: none !important;}.advgbbtn-cd286287-2ae4-4a05-9648-f7f056d9501a{font-size:14px;color:#fff !important;background-color:#2196f3 !important;margin:0px 0px 0px 0px !important;padding:10px 30px 10px 30px;border-width:1px !important;border-style:none;border-radius:50px !important;}.advgbbtn-cd286287-2ae4-4a05-9648-f7f056d9501a:hover{box-shadow:1px 1px 12px 0px #ccc;opacity:1;transition:all 0.2s ease;}.advgbbtn-cd286287-2ae4-4a05-9648-f7f056d9501a > i {display: none !important;}.advgbbtn-cd286287-2ae4-4a05-9648-f7f056d9501a{font-size:14px;color:#fff !important;background-color:#2196f3 !important;margin:0px 0px 0px 0px !important;padding:10px 30px 10px 30px;border-width:1px !important;border-style:none;border-radius:50px !important;}.advgbbtn-cd286287-2ae4-4a05-9648-f7f056d9501a:hover{box-shadow:1px 1px 12px 0px #ccc;opacity:1;transition:all 0.2s ease;}.advgbbtn-cd286287-2ae4-4a05-9648-f7f056d9501a > i {display: none !important;}.advgbbtn-ebbc5e5a-9a62-4f9d-bfef-bd7306550e07{font-size:14px;color:#fff !important;background-color:#2196f3 !important;margin:0px 0px 0px 0px !important;padding:10px 30px 10px 30px;border-width:1px !important;border-style:none;border-radius:50px !important;}.advgbbtn-ebbc5e5a-9a62-4f9d-bfef-bd7306550e07:hover{box-shadow:1px 1px 12px 0px #ccc;opacity:1;transition:all 0.2s ease;}.advgbbtn-ebbc5e5a-9a62-4f9d-bfef-bd7306550e07 > i {display: none !important;}.advgbbtn-cd286287-2ae4-4a05-9648-f7f056d9501a{font-size:14px;color:#fff !important;background-color:#2196f3 !important;margin:0px 0px 0px 0px !important;padding:10px 30px 10px 30px;border-width:1px !important;border-style:none;border-radius:50px !important;}.advgbbtn-cd286287-2ae4-4a05-9648-f7f056d9501a:hover{box-shadow:1px 1px 12px 0px #ccc;opacity:1;transition:all 0.2s ease;}.advgbbtn-cd286287-2ae4-4a05-9648-f7f056d9501a > i {display: none !important;}.advgbbtn-ebbc5e5a-9a62-4f9d-bfef-bd7306550e07{font-size:14px;color:#fff !important;background-color:#2196f3 !important;margin:0px 0px 0px 0px !important;padding:10px 30px 10px 30px;border-width:1px !important;border-style:none;border-radius:50px !important;}.advgbbtn-ebbc5e5a-9a62-4f9d-bfef-bd7306550e07:hover{box-shadow:1px 1px 12px 0px #ccc;opacity:1;transition:all 0.2s ease;}.advgbbtn-ebbc5e5a-9a62-4f9d-bfef-bd7306550e07 > i {display: none !important;}.advgbbtn-cd286287-2ae4-4a05-9648-f7f056d9501a{font-size:14px;color:#fff !important;background-color:#2196f3 !important;margin:0px 0px 0px 0px !important;padding:10px 30px 10px 30px;border-width:1px !important;border-style:none;border-radius:50px !important;}.advgbbtn-cd286287-2ae4-4a05-9648-f7f056d9501a:hover{box-shadow:1px 1px 12px 0px #ccc;opacity:1;transition:all 0.2s ease;}.advgbbtn-cd286287-2ae4-4a05-9648-f7f056d9501a > i {display: none !important;}.advgbbtn-ebbc5e5a-9a62-4f9d-bfef-bd7306550e07{font-size:14px;color:#fff !important;background-color:#2196f3 !important;margin:0px 0px 0px 0px !important;padding:10px 30px 10px 30px;border-width:1px !important;border-style:none;border-radius:50px !important;}.advgbbtn-ebbc5e5a-9a62-4f9d-bfef-bd7306550e07:hover{box-shadow:1px 1px 12px 0px #ccc;opacity:1;transition:all 0.2s ease;}.advgbbtn-ebbc5e5a-9a62-4f9d-bfef-bd7306550e07 > i {display: none !important;}.advgbbtn-cd286287-2ae4-4a05-9648-f7f056d9501a{font-size:14px;color:#fff !important;background-color:#2196f3 !important;margin:0px 0px 0px 0px !important;padding:10px 30px 10px 30px;border-width:1px !important;border-style:none;border-radius:50px !important;}.advgbbtn-cd286287-2ae4-4a05-9648-f7f056d9501a:hover{box-shadow:1px 1px 12px 0px #ccc;opacity:1;transition:all 0.2s ease;}.advgbbtn-cd286287-2ae4-4a05-9648-f7f056d9501a > i {display: none !important;}<\/style>","protected":false},"excerpt":{"rendered":"<div class=\"entry-summary\">\nPrane\u0161im\u0173 med\u017eiaga Tezi\u0173 knyga i\u0161leista elektroniniu formatu (44-oji Lietuvos nacionalin\u0117 fizikos konferencija : prane\u0161im\u0173 med\u017eiaga, 2021 m. spalio 6\u20138 d., Vilnius, ISBN 978-609-95511-8-0). Registracija, tez\u0117s ir kitos svarbios datos Registracija ir tezi\u0173 siuntimas &#8211; iki 2021 m. rugs\u0117jo 7 d. Priimamos DOCX formato tez\u0117s (galite papildomai pateikti ir PDF fail\u0105), reikalavimai nurodyti tezi\u0173 \u0161ablone. Konferencijos&hellip;\n<\/div>\n<div class=\"link-more\"><a href=\"http:\/\/lnfk.ftmc.lt\/?page_id=37\" class=\"more-link\">Continue reading<span class=\"screen-reader-text\"> &ldquo;Informacija dalyviams&rdquo;<\/span>&hellip;<\/a><\/div>\n","protected":false},"author":1,"featured_media":0,"parent":0,"menu_order":0,"comment_status":"closed","ping_status":"closed","template":"","meta":{"inline_featured_image":false,"advgb_blocks_editor_width":"","advgb_blocks_columns_visual_guide":"","footnotes":""},"class_list":["post-37","page","type-page","status-publish","hentry","entry"],"coauthors":[],"author_meta":{"author_link":"http:\/\/lnfk.ftmc.lt\/?author=1","display_name":"Adomijus"},"relative_dates":{"created":"Posted 5 metai ago","modified":"Updated 4 metai ago"},"absolute_dates":{"created":"Posted on 2021-05-14","modified":"Updated on 2021-11-10"},"absolute_dates_time":{"created":"Posted on 2021-05-14 16:11","modified":"Updated on 2021-11-10 16:44"},"featured_img_caption":"","featured_img":false,"series_order":"","_links":{"self":[{"href":"http:\/\/lnfk.ftmc.lt\/index.php?rest_route=\/wp\/v2\/pages\/37","targetHints":{"allow":["GET"]}}],"collection":[{"href":"http:\/\/lnfk.ftmc.lt\/index.php?rest_route=\/wp\/v2\/pages"}],"about":[{"href":"http:\/\/lnfk.ftmc.lt\/index.php?rest_route=\/wp\/v2\/types\/page"}],"author":[{"embeddable":true,"href":"http:\/\/lnfk.ftmc.lt\/index.php?rest_route=\/wp\/v2\/users\/1"}],"replies":[{"embeddable":true,"href":"http:\/\/lnfk.ftmc.lt\/index.php?rest_route=%2Fwp%2Fv2%2Fcomments&post=37"}],"version-history":[{"count":51,"href":"http:\/\/lnfk.ftmc.lt\/index.php?rest_route=\/wp\/v2\/pages\/37\/revisions"}],"predecessor-version":[{"id":1511,"href":"http:\/\/lnfk.ftmc.lt\/index.php?rest_route=\/wp\/v2\/pages\/37\/revisions\/1511"}],"wp:attachment":[{"href":"http:\/\/lnfk.ftmc.lt\/index.php?rest_route=%2Fwp%2Fv2%2Fmedia&parent=37"}],"curies":[{"name":"wp","href":"https:\/\/api.w.org\/{rel}","templated":true}]}}