{"id":50,"date":"2021-05-17T12:09:38","date_gmt":"2021-05-17T10:09:38","guid":{"rendered":"http:\/\/lnfk.ftmc.lt\/?page_id=50"},"modified":"2021-05-19T20:56:53","modified_gmt":"2021-05-19T18:56:53","slug":"vieta","status":"publish","type":"page","link":"http:\/\/lnfk.ftmc.lt\/?page_id=50","title":{"rendered":"Vieta"},"content":{"rendered":"\n<p>Nacionalinis fizini\u0173 ir technologijos moksl\u0173 centras<br>Saul\u0117tekio al. 3<br>LT-10257 Vilnius, Lietuva<\/p>\n\n\n\n<iframe loading=\"lazy\" width=\"100%\" height=\"400px\" frameborder=\"0\" allowfullscreen=\"\" src=\"\/\/umap.openstreetmap.fr\/lt\/map\/lnfk44_612075?scaleControl=false&amp;miniMap=false&amp;scrollWheelZoom=false&amp;zoomControl=true&amp;allowEdit=false&amp;moreControl=true&amp;searchControl=null&amp;tilelayersControl=null&amp;embedControl=null&amp;datalayersControl=true&amp;onLoadPanel=undefined&amp;captionBar=false\"><\/iframe><p><a href=\"\/\/umap.openstreetmap.fr\/lt\/map\/lnfk44_612075\">Per\u017ei\u016br\u0117ti per vis\u0105 ekran\u0105<\/a><\/p>\n\n\n\n<p><\/p>\n\n\n\n<h2 class=\"wp-block-heading\">Virtualus apsilankymas<\/h2>\n\n\n\n<p>\u0160iuo metu centre eksponuojamos dvi parodos:\u00a0Mariaus Jovai\u0161os knygos \u201eNereg\u0117ta Lietuva&#8221; fotografij\u0173 paroda ir akademiko Eugenijaus Norkaus\u00a0numizmatikos paroda \u201e<a href=\"https:\/\/www.ftmc.lt\/news\/803\/68\/Paroda-Mokslas-ir-mokslininkai-monetose-ir-banknotuose\" target=\"_blank\" rel=\"noreferrer noopener\">Mokslas ir mokslininkai monetose ir banknotuose<\/a>\u201c.\u00a0Taip pat kvie\u010diame pasigro\u017e\u0117ti dailinink\u0117s Ar\u016bn\u0117s Tornau paveikslu \u201e<a href=\"https:\/\/www.ftmc.lt\/news\/812\/68\/Paveikslas-Melyna-juosta-atveria-kelius-ieskoti-ir-kurti\" target=\"_blank\" rel=\"noreferrer noopener\">M\u0117lyna juosta<\/a>\u201c.<\/p>\n\n\n\n<iframe loading=\"lazy\" src=\"https:\/\/my.matterport.com\/show\/?m=Z6yYsAesQAt\" frameborder=\"0\" width=\"100%\" height=\"400px\"><\/iframe>\n\n\n\n<p><\/p>\n","protected":false},"excerpt":{"rendered":"<div class=\"entry-summary\">\nNacionalinis fizini\u0173 ir technologijos moksl\u0173 centrasSaul\u0117tekio al. 3LT-10257 Vilnius, Lietuva Per\u017ei\u016br\u0117ti per vis\u0105 ekran\u0105 Virtualus apsilankymas \u0160iuo metu centre eksponuojamos dvi parodos:\u00a0Mariaus Jovai\u0161os knygos \u201eNereg\u0117ta Lietuva&#8221; fotografij\u0173 paroda ir akademiko Eugenijaus Norkaus\u00a0numizmatikos paroda \u201eMokslas ir mokslininkai monetose ir banknotuose\u201c.\u00a0Taip pat kvie\u010diame pasigro\u017e\u0117ti dailinink\u0117s Ar\u016bn\u0117s Tornau paveikslu \u201eM\u0117lyna juosta\u201c.\n<\/div>\n<div class=\"link-more\"><a href=\"http:\/\/lnfk.ftmc.lt\/?page_id=50\" class=\"more-link\">Continue reading<span class=\"screen-reader-text\"> &ldquo;Vieta&rdquo;<\/span>&hellip;<\/a><\/div>\n","protected":false},"author":1,"featured_media":0,"parent":0,"menu_order":0,"comment_status":"closed","ping_status":"closed","template":"","meta":{"inline_featured_image":false,"advgb_blocks_editor_width":"","advgb_blocks_columns_visual_guide":"","footnotes":""},"class_list":["post-50","page","type-page","status-publish","hentry","entry"],"coauthors":[],"author_meta":{"author_link":"http:\/\/lnfk.ftmc.lt\/?author=1","display_name":"Adomijus"},"relative_dates":{"created":"Posted 5 metai ago","modified":"Updated 5 metai ago"},"absolute_dates":{"created":"Posted on 2021-05-17","modified":"Updated on 2021-05-19"},"absolute_dates_time":{"created":"Posted on 2021-05-17 12:09","modified":"Updated on 2021-05-19 20:56"},"featured_img_caption":"","featured_img":false,"series_order":"","_links":{"self":[{"href":"http:\/\/lnfk.ftmc.lt\/index.php?rest_route=\/wp\/v2\/pages\/50","targetHints":{"allow":["GET"]}}],"collection":[{"href":"http:\/\/lnfk.ftmc.lt\/index.php?rest_route=\/wp\/v2\/pages"}],"about":[{"href":"http:\/\/lnfk.ftmc.lt\/index.php?rest_route=\/wp\/v2\/types\/page"}],"author":[{"embeddable":true,"href":"http:\/\/lnfk.ftmc.lt\/index.php?rest_route=\/wp\/v2\/users\/1"}],"replies":[{"embeddable":true,"href":"http:\/\/lnfk.ftmc.lt\/index.php?rest_route=%2Fwp%2Fv2%2Fcomments&post=50"}],"version-history":[{"count":13,"href":"http:\/\/lnfk.ftmc.lt\/index.php?rest_route=\/wp\/v2\/pages\/50\/revisions"}],"predecessor-version":[{"id":121,"href":"http:\/\/lnfk.ftmc.lt\/index.php?rest_route=\/wp\/v2\/pages\/50\/revisions\/121"}],"wp:attachment":[{"href":"http:\/\/lnfk.ftmc.lt\/index.php?rest_route=%2Fwp%2Fv2%2Fmedia&parent=50"}],"curies":[{"name":"wp","href":"https:\/\/api.w.org\/{rel}","templated":true}]}}